{"id":5,"date":"2023-10-16T15:52:54","date_gmt":"2023-10-16T13:52:54","guid":{"rendered":"http:\/\/dev.pf-wat.ch\/?page_id=3"},"modified":"2023-11-27T11:00:11","modified_gmt":"2023-11-27T10:00:11","slug":"datenschutzerklaerung","status":"publish","type":"page","link":"https:\/\/dev.pf-wat.ch\/?page_id=5","title":{"rendered":"Datenschutzerkl\u00e4rung &#038; Impressum"},"content":{"rendered":"\t\t<div data-elementor-type=\"wp-page\" data-elementor-id=\"5\" class=\"elementor elementor-5\">\n\t\t\t\t\t\t<section class=\"elementor-section elementor-top-section elementor-element elementor-element-4397d71b elementor-section-boxed elementor-section-height-default elementor-section-height-default\" data-id=\"4397d71b\" data-element_type=\"section\">\n\t\t\t\t\t\t<div class=\"elementor-container elementor-column-gap-default\">\n\t\t\t\t\t<div class=\"aux-parallax-section elementor-column elementor-col-100 elementor-top-column elementor-element elementor-element-12f7fe90\" data-id=\"12f7fe90\" data-element_type=\"column\">\n\t\t\t<div class=\"elementor-widget-wrap elementor-element-populated\">\n\t\t\t\t\t\t<div class=\"elementor-element elementor-element-3427055 elementor-widget elementor-widget-spacer\" data-id=\"3427055\" data-element_type=\"widget\" data-widget_type=\"spacer.default\">\n\t\t\t\t<div class=\"elementor-widget-container\">\n\t\t\t\t\t\t\t<div class=\"elementor-spacer\">\n\t\t\t<div class=\"elementor-spacer-inner\"><\/div>\n\t\t<\/div>\n\t\t\t\t\t\t<\/div>\n\t\t\t\t<\/div>\n\t\t\t\t<div class=\"elementor-element elementor-element-4d242f52 elementor-widget elementor-widget-text-editor\" data-id=\"4d242f52\" data-element_type=\"widget\" data-widget_type=\"text-editor.default\">\n\t\t\t\t<div class=\"elementor-widget-container\">\n\t\t\t\t\t\t\t\t\t<p><\/p>\n<p><strong>4 Print &amp; Finish GmbH<\/strong><br>Dorfgasse 12<br>4435 Niederdorf<br>Schweiz<br><strong>E-Mail<\/strong>: info@dev.pf-wat.ch<\/p>\n<p><\/p>\n<p><strong>Vertretungsberechtigte Personen<\/strong><br>Beat Weber<\/p>\n<p><\/p>\n<p><strong>Name des Unternehmens<\/strong>: 4 Print &amp; Finish GmbH<\/p>\n<p><\/p>\n<p><strong>Datenschutzbeauftragte Person:<\/strong><br>Beat Weber<\/p>\n<p><\/p>\n<p>info@dev.pf-wat.ch<\/p>\n<p><\/p>\n<p><strong>Allgemeines \/ Einleitung<\/strong><br>Gest\u00fctzt auf Artikel 13 der Schweizerischen Bundesverfassung und die datenschutzrechtlichen Bestimmungen des Bundes (Datenschutzgesetz, DSG) hat jede Person Anspruch auf Schutz ihrer Privatsph\u00e4re sowie auf Schutz vor Missbrauch ihrer pers\u00f6nlichen Daten. Die Betreiber dieser Seiten nehmen den Schutz Ihrer pers\u00f6nlichen Daten sehr ernst. Wir behandeln Ihre personenbezogenen Daten vertraulich und entsprechend der gesetzlichen Datenschutzvorschriften sowie dieser Datenschutzerkl\u00e4rung.<\/p>\n<p><\/p>\n<p>In Zusammenarbeit mit unseren Hosting-Providern bem\u00fchen wir uns, die Datenbanken so gut wie m\u00f6glich vor unberechtigtem Zugriff, Verlust, Missbrauch oder Verf\u00e4lschung zu sch\u00fctzen.<\/p>\n<p><\/p>\n<p>Wir weisen darauf hin, dass die Daten\u00fcbertragung im Internet (z.B. bei der Kommunikation per E-Mail) Sicherheitsl\u00fccken aufweisen kann. Ein l\u00fcckenloser Schutz der Daten vor dem Zugriff durch Dritte ist nicht m\u00f6glich.<\/p>\n<p><\/p>\n<p>Durch die Nutzung dieser Website erkl\u00e4ren Sie sich mit der Erhebung, Verarbeitung und Nutzung von Daten gem\u00e4ss der nachfolgenden Beschreibung einverstanden. Diese Website kann grunds\u00e4tzlich ohne Registrierung besucht werden. Daten wie aufgerufene Seiten oder Namen von aufgerufenen Dateien, Datum und Uhrzeit werden zu statistischen Zwecken auf dem Server gespeichert, ohne dass diese Daten unmittelbar auf Ihre Person bezogen werden. Soweit auf unseren Seiten personenbezogene Daten (beispielsweise Name, Anschrift oder eMail-Adressen) erhoben werden, erfolgt dies, soweit m\u00f6glich, stets auf freiwilliger Basis. Diese Daten werden ohne Ihre ausdr\u00fcckliche Zustimmung nicht an Dritte weitergegeben.<\/p>\n<p><\/p>\n<p><strong>Verarbeitung personenbezogener Daten<\/strong><br>Personenbezogene Daten sind alle Informationen, die sich auf eine identifizierte oder identifizierbare Person beziehen. Eine betroffene Person ist eine Person, \u00fcber die personenbezogene Daten verarbeitet werden. Die Verarbeitung umfasst jeden Umgang mit personenbezogenen Daten, unabh\u00e4ngig von den verwendeten Mitteln und Verfahren, insbesondere die Speicherung, Weitergabe, Beschaffung, L\u00f6schung, Aufbewahrung, Ver\u00e4nderung, Vernichtung und Verwendung personenbezogener Daten.<\/p>\n<p><\/p>\n<p>Wir verarbeiten personenbezogene Daten in \u00dcbereinstimmung mit dem Schweizer Datenschutzrecht. Sofern und soweit die EU-DSGVO anwendbar ist, verarbeiten wir personenbezogene Daten dar\u00fcber hinaus auf folgenden Rechtsgrundlagen in Verbindung mit Art. 6 (1) GDPR:<br>lit. a) Verarbeitung personenbezogener Daten mit Einwilligung der betroffenen Person.<br>lit. b) Verarbeitung personenbezogener Daten zur Erf\u00fcllung eines Vertrages mit der betroffenen Person sowie zur Durchf\u00fchrung entsprechender vorvertraglicher Massnahmen.<br>lit. c) Verarbeitung personenbezogener Daten zur Erf\u00fcllung einer rechtlichen Verpflichtung, der wir nach geltendem Recht der EU oder nach geltendem Recht eines Landes, in dem die GDPR ganz oder teilweise anwendbar ist, unterliegen.<br>lit. d) Verarbeitung personenbezogener Daten zur Wahrung lebenswichtiger Interessen der betroffenen Person oder einer anderen nat\u00fcrlichen Person.<br>lit. f) Verarbeitung personenbezogener Daten zur Wahrung der berechtigten Interessen von uns oder von Dritten, sofern nicht die Grundfreiheiten und Rechte und Interessen der betroffenen Person \u00fcberwiegen. Zu den berechtigten Interessen geh\u00f6ren insbesondere unser gesch\u00e4ftliches Interesse, unsere Website bereitstellen zu k\u00f6nnen, die Informationssicherheit, die Durchsetzung eigener Rechtsanspr\u00fcche und die Einhaltung des schweizerischen Rechts.<\/p>\n<p><\/p>\n<p>Wir verarbeiten personenbezogene Daten f\u00fcr die Dauer, die f\u00fcr den jeweiligen Zweck oder die jeweiligen Zwecke erforderlich ist. Bei l\u00e4ngerfristigen Aufbewahrungspflichten aufgrund gesetzlicher und anderer Verpflichtungen, denen wir unterliegen, schr\u00e4nken wir die Bearbeitung entsprechend ein.<\/p>\n<p><\/p>\n<p><strong>Cookies<\/strong><br>Diese Website verwendet Cookies. Dabei handelt es sich um kleine Textdateien, die es erm\u00f6glichen, spezifische, auf den Nutzer bezogene Informationen auf dem Endger\u00e4t des Nutzers zu speichern, w\u00e4hrend der Nutzer die Website nutzt. Cookies erm\u00f6glichen es insbesondere, die Nutzungsh\u00e4ufigkeit und die Anzahl der Nutzer der Seiten zu ermitteln, Verhaltensmuster der Seitennutzung zu analysieren, aber auch, unser Angebot kundenfreundlicher zu gestalten. Cookies bleiben \u00fcber das Ende einer Browser-Sitzung hinaus gespeichert und k\u00f6nnen bei einem erneuten Besuch der Seite wieder abgerufen werden. Wenn Sie dies nicht w\u00fcnschen, sollten Sie Ihren Internet-Browser so einstellen, dass er die Annahme von Cookies verweigert.<\/p>\n<p><\/p>\n<p>Ein genereller Widerspruch gegen die Verwendung von Cookies zu Online-Marketing-Zwecken kann f\u00fcr eine Vielzahl der Dienste, insbesondere beim Tracking, \u00fcber die US-Seite http:\/\/www.aboutads.info\/choices\/ oder die EU-Seite http:\/\/www.youronlinechoices.com\/ erkl\u00e4rt werden. Dar\u00fcber hinaus kann die Speicherung von Cookies durch Deaktivierung in den Browsereinstellungen erreicht werden. Bitte beachten Sie, dass in diesem Fall nicht alle Funktionen dieses Online-Angebots genutzt werden k\u00f6nnen.<\/p>\n<p><\/p>\n<p><strong>Mit SSL\/TLS-Verschl\u00fcsselung<\/strong><br>Diese Website verwendet aus Sicherheitsgr\u00fcnden und zum Schutz der \u00dcbertragung vertraulicher Inhalte, wie z.B. Anfragen, die Sie an uns als Seitenbetreiber senden, eine SSL\/TLS-Verschl\u00fcsselung. Eine verschl\u00fcsselte Verbindung erkennen Sie daran, dass die Adresszeile des Browsers von &#171;http:\/\/&#187; auf &#171;https:\/\/&#187; wechselt und an dem Schloss-Symbol in Ihrer Browserzeile.<\/p>\n<p><\/p>\n<p>Wenn die SSL- oder TLS-Verschl\u00fcsselung aktiviert ist, k\u00f6nnen die Daten, die Sie an uns \u00fcbermitteln, nicht von Dritten gelesen werden.<\/p>\n<p><\/p>\n<p><strong>Dienste von Drittanbietern<\/strong><br>Diese Website kann Google Maps zur Einbettung von Karten, Google Invisible reCAPTCHA zum Schutz vor Bots und Spam und YouTube zur Einbettung von Videos nutzen.<\/p>\n<p><\/p>\n<p>Diese Dienste der amerikanischen Google LLC verwenden u.a. Cookies, wodurch Daten an Google in die USA \u00fcbertragen werden, wobei wir davon ausgehen, dass in diesem Zusammenhang allein durch die Nutzung unserer Website kein personenbezogenes Tracking stattfindet.<\/p>\n<p><\/p>\n<p>Google hat sich verpflichtet, einen angemessenen Datenschutz gem\u00e4ss dem US-amerikanisch-europ\u00e4ischen und dem US-amerikanisch-schweizerischen Privacy Shield zu gew\u00e4hrleisten.<\/p>\n<p><\/p>\n<p>Weitere Informationen finden Sie in den Datenschutzbestimmungen von Google.<\/p>\n<p><\/p>\n<p><strong>Kontaktformular<\/strong><br>Wenn Sie uns per Kontaktformular Anfragen zukommen lassen, werden Ihre Angaben aus dem Anfrageformular inklusive der von Ihnen dort angegebenen Kontaktdaten zwecks Bearbeitung der Anfrage und f\u00fcr den Fall von Anschlussfragen bei uns gespeichert. Diese Daten geben wir nicht ohne Ihre Einwilligung weiter.<\/p>\n<p><\/p>\n<p><strong>Kommentarfunktion<\/strong><br>F\u00fcr die Kommentarfunktion auf dieser Website werden neben Ihrem Kommentar auch Angaben zum Zeitpunkt der Erstellung des Kommentars, Ihre E-Mail-Adresse und, wenn Sie nicht anonym posten, der von Ihnen gew\u00e4hlte Nutzername gespeichert.<\/p>\n<p><\/p>\n<p>Speicherung der IP-Adresse<br>Unsere Kommentarfunktion speichert die IP-Adressen der Nutzer, die Kommentare abgeben. Da wir die Kommentare auf unserer Seite nicht \u00fcberpr\u00fcfen, bevor sie freigeschaltet werden, ben\u00f6tigen wir diese Daten, um im Falle von Rechtsverst\u00f6ssen wie Beleidigungen oder Propaganda gegen den Verfasser vorgehen zu k\u00f6nnen.<\/p>\n<p><\/p>\n<p>Abonnieren von Kommentaren<br>Als Nutzer der Seite k\u00f6nnen Sie nach der Registrierung Kommentare abonnieren. Sie erhalten eine Best\u00e4tigungs-E-Mail, um zu pr\u00fcfen, ob Sie der Inhaber der angegebenen E-Mail-Adresse sind. Sie k\u00f6nnen diese Funktion jederzeit \u00fcber einen Link in den Info-E-Mails wieder abbestellen.<\/p>\n<p><\/p>\n<p><strong>Urheberrechte<\/strong><br>Das Urheberrecht und alle anderen Rechte an den Inhalten, Bildern, Fotos oder sonstigen Dateien auf der Website geh\u00f6ren ausschliesslich dem Betreiber dieser Website oder den namentlich genannten Rechteinhabern. F\u00fcr die Vervielf\u00e4ltigung s\u00e4mtlicher Dateien muss vorab die schriftliche Zustimmung der Urheberrechtsinhaber eingeholt werden.<br>Wer ohne Zustimmung der jeweiligen Urheberrechtsinhaber eine Urheberrechtsverletzung begeht, kann sich strafbar machen und unter Umst\u00e4nden Schadenersatzanspr\u00fcche geltend machen.<\/p>\n<p><\/p>\n<p><strong>Haftungsausschluss<\/strong><br>Alle Angaben auf unserer Website wurden sorgf\u00e4ltig gepr\u00fcft. Wir sind bem\u00fcht, daf\u00fcr Sorge zu tragen, dass die von uns bereitgestellten Informationen aktuell, richtig und vollst\u00e4ndig sind. Dennoch ist das Auftreten von Fehlern nicht v\u00f6llig auszuschliessen, so dass wir f\u00fcr die Vollst\u00e4ndigkeit, Richtigkeit und Aktualit\u00e4t der Informationen, auch journalistisch-redaktioneller Art, keine Gew\u00e4hr \u00fcbernehmen k\u00f6nnen. Haftungsanspr\u00fcche, die sich auf Sch\u00e4den materieller oder ideeller Art beziehen, welche durch die Nutzung oder Nichtnutzung der dargebotenen Informationen bzw. durch die Nutzung fehlerhafter und unvollst\u00e4ndiger Informationen verursacht wurden, sind grunds\u00e4tzlich ausgeschlossen.<br>Der Herausgeber kann Texte nach eigenem Ermessen und ohne vorherige Ank\u00fcndigung \u00e4ndern oder l\u00f6schen und ist nicht dazu verpflichtet, die Inhalte dieser Website zu aktualisieren. Die Nutzung dieser Website bzw. der Zugang zu ihr erfolgt auf eigenes Risiko des Besuchers. Der Herausgeber, seine Kunden oder Partner sind nicht verantwortlich f\u00fcr Sch\u00e4den, wie z.B. direkte, indirekte, zuf\u00e4llige oder Folgesch\u00e4den, die angeblich durch den Besuch dieser Website verursacht wurden und \u00fcbernehmen folglich keine Haftung f\u00fcr solche Sch\u00e4den.<br>Der Herausgeber \u00fcbernimmt auch keine Verantwortung oder Haftung f\u00fcr den Inhalt und die Verf\u00fcgbarkeit von Websites Dritter, die \u00fcber externe Links von dieser Website aus erreicht werden k\u00f6nnen. F\u00fcr den Inhalt der verlinkten Seiten sind ausschliesslich deren Betreiber verantwortlich. Der Herausgeber distanziert sich daher ausdr\u00fccklich von allen fremden Inhalten, die m\u00f6glicherweise straf- oder haftungsrechtlich relevant sind oder gegen die guten Sitten verstossen.<\/p>\n<p><\/p>\n<p><strong>Externe Zahlungsdienstleister<\/strong><br>Diese Website nutzt externe Zahlungsdienstleister, \u00fcber deren Plattformen Nutzer und wir Zahlungstransaktionen durchf\u00fchren k\u00f6nnen. Zum Beispiel \u00fcber<br><span style=\"font-size: 16.0016px;\">TWINT (<\/span>https:\/\/www.twint.ch\/datenschutz\/)<br><span style=\"font-size: 16.0016px;\">PostFinance (https:\/\/www.postfinance.ch\/de\/detail\/rechtliches-barrierefreiheit.html)<br><\/span><span style=\"font-size: 16.0016px;\">Visa (https:\/\/www.visa.de\/nutzungsbedingungen\/visa-privacy-center.html)<br><\/span><span style=\"font-size: 16.0016px;\">Mastercard (https:\/\/www.mastercard.ch\/de-ch\/datenschutz.html)<br><\/span><span style=\"font-size: 16.0016px;\">American Express (https:\/\/www.americanexpress.com\/de\/legal\/online-datenschutzerklarung.html)<br><\/span><span style=\"font-size: 16.0016px;\">Paypal (https:\/\/www.paypal.com\/de\/webapps\/mpp\/ua\/privacy-full)<\/span><\/p>\n<p>Im Rahmen der Vertragserf\u00fcllung setzen wir die Zahlungsdienstleister auf der Grundlage der Schweizerischen Datenschutzverordnung und, soweit erforderlich, Art. 6 Abs. 1 lit. b. EU-DSGVO. Dar\u00fcber hinaus setzen wir externe Zahlungsdienstleister auf der Grundlage unserer berechtigten Interessen nach der Schweizerischen Datenschutzverordnung sowie, soweit erforderlich, nach Art. 6 Abs.. 1 lit. f. EU-DSGVO ein, um unseren Nutzern effektive und sichere Zahlungsm\u00f6glichkeiten zu bieten.<br>Die von den Zahlungsdienstleistern verarbeiteten Daten umfassen u.a. Bestandsdaten, wie Name und Adresse, Bankdaten, wie Kontonummern oder Kreditkartennummern, Passw\u00f6rter, TANs und Pr\u00fcfsummen, sowie Vertrags-, Summen- und empf\u00e4ngerbezogene Informationen. Die Angaben werden ben\u00f6tigt, um die Transaktionen durchzuf\u00fchren. Die eingegebenen Daten werden jedoch nur von den Zahlungsdienstleistern verarbeitet und bei diesen gespeichert. Wir als Betreiber erhalten keine Informationen \u00fcber (Bank-)Konto oder Kreditkarte, sondern nur Informationen zur Best\u00e4tigung (Annahme) oder Ablehnung der Zahlung. Unter Umst\u00e4nden werden die Daten von den Zahlungsdienstleistern an Wirtschaftsauskunfteien \u00fcbermittelt. Zweck dieser \u00dcbermittlung ist die \u00dcberpr\u00fcfung der Identit\u00e4t und der Kreditw\u00fcrdigkeit. Diesbez\u00fcglich verweisen wir auf die Gesch\u00e4ftsbedingungen und Datenschutzhinweise der Zahlungsdienstleister.<br>F\u00fcr den Zahlungsverkehr gelten die Gesch\u00e4ftsbedingungen und die Datenschutzerkl\u00e4rung der jeweiligen Zahlungsdienstleister, die innerhalb der jeweiligen Website oder Transaktionsanwendungen abgerufen werden k\u00f6nnen. Auf diese verweisen wir auch zum Zwecke der weiteren Information und Geltendmachung von Widerrufs-, Auskunfts- und sonstigen Betroffenenrechten.<\/p>\n<p><\/p>\n<p><strong>Onlineshop \/ Webshop<\/strong><br>Wir verarbeiten die Daten unserer Kunden im Einklang mit den datenschutzrechtlichen Bestimmungen des Bundes (Datenschutzgesetz, DSG) und der EU-DSGVO im Rahmen der Bestellvorg\u00e4nge in unserem Online-Shop, um ihnen die Auswahl und Bestellung der ausgew\u00e4hlten Produkte und Dienstleistungen sowie deren Bezahlung und Lieferung bzw. Abwicklung zu erm\u00f6glichen.<br>Die verarbeiteten Daten umfassen Stammdaten (Bestandsdaten), Kommunikationsdaten, Vertragsdaten, Zahlungsdaten und zu den von der Verarbeitung betroffenen Personen geh\u00f6ren unsere Kunden, Interessenten und sonstige Gesch\u00e4ftspartner. Die Verarbeitung erfolgt zum Zwecke der Erbringung vertraglicher Leistungen im Rahmen des Betriebs eines Online-Shops, der Abrechnung, der Lieferung und des Kundenservices. In diesem Zusammenhang setzen wir Session-Cookies, z.B. zur Speicherung des Warenkorb-Inhalts, und permanente Cookies, z.B. zur Speicherung des Login-Status, ein.<br>Die Verarbeitung erfolgt auf Grundlage von Art. 6 Abs. 1 lit. b (Durchf\u00fchrung von Bestellvorg\u00e4ngen) und c (gesetzlich vorgeschriebene Archivierung) DSGVO. Dabei sind die als erforderlich gekennzeichneten Daten f\u00fcr die Begr\u00fcndung und Erf\u00fcllung des Vertrages notwendig. Wir geben die Daten an Dritte nur im Rahmen der Lieferung, Zahlung oder im Rahmen gesetzlicher Erlaubnisse und Verpflichtungen weiter. Die Daten werden nur dann in Drittl\u00e4ndern verarbeitet, wenn dies zur Vertragserf\u00fcllung erforderlich ist (z.B. auf Wunsch des Kunden zur Lieferung oder Bezahlung).<br>Benutzer k\u00f6nnen optional ein Benutzerkonto anlegen, in dem sie insbesondere ihre Bestellungen einsehen k\u00f6nnen. Im Rahmen des Registrierungsprozesses werden den Nutzern die erforderlichen Pflichtangaben gemacht. Benutzerkonten sind nicht \u00f6ffentlich und k\u00f6nnen nicht von Suchmaschinen, z.B. Google, indiziert werden. Wenn Nutzer ihr Nutzerkonto gek\u00fcndigt haben, werden ihre Daten in Bezug auf das Nutzerkonto gel\u00f6scht, sofern ihre Aufbewahrung aus handels- oder steuerrechtlichen Gr\u00fcnden erforderlich ist entspr. Art. 6 Abs. 1 lit. c DSGVO. Informationen im Kundenkonto bleiben bis zu ihrer L\u00f6schung mit anschliessender Archivierung im Falle einer gesetzlichen Verpflichtung erhalten. Es liegt in der Verantwortung der Nutzer, ihre Daten im Falle einer K\u00fcndigung vor Vertragsende zu speichern.<br>Im Rahmen der Registrierung und Neuregistrierung sowie der Nutzung unserer Online-Dienste speichern wir die IP-Adresse und den Zeitpunkt der jeweiligen Nutzeraktion. Die Speicherung erfolgt auf Grundlage unserer berechtigten Interessen sowie derjenigen der Nutzer am Schutz vor Missbrauch und sonstiger unbefugter Nutzung. Eine Weitergabe dieser Daten an Dritte erfolgt grunds\u00e4tzlich nicht, es sei denn, sie ist zur Verfolgung unserer Anspr\u00fcche erforderlich oder es besteht eine gesetzliche Verpflichtung dazu gem\u00e4ss Art. 6 Abs. 1 lit. c DSGVO.<br>Die L\u00f6schung erfolgt nach Ablauf gesetzlicher Gew\u00e4hrleistungs- und vergleichbarer Pflichten, die Erforderlichkeit der Aufbewahrung der Daten wird in unregelm\u00e4ssigen Abst\u00e4nden \u00fcberpr\u00fcft. Im Falle von gesetzlichen Archivierungspflichten erfolgt die L\u00f6schung nach deren Ablauf.<\/p>\n<p><\/p>\n<p><strong>Haftungsausschluss<\/strong><br>Der Autor \u00fcbernimmt keine Gew\u00e4hr f\u00fcr die Richtigkeit, Genauigkeit, Aktualit\u00e4t, Zuverl\u00e4ssigkeit und Vollst\u00e4ndigkeit der Informationen.<br>Haftungsanspr\u00fcche gegen den Autor wegen Sch\u00e4den materieller oder immaterieller Art, die aus dem Zugriff oder der Nutzung bzw. Nichtnutzung der ver\u00f6ffentlichten Informationen, durch Missbrauch der Verbindung oder durch technische St\u00f6rungen entstanden sind, werden ausgeschlossen.<\/p>\n<p><\/p>\n<p>Alle Angebote sind freibleibend. Der Autor beh\u00e4lt es sich ausdr\u00fccklich vor, Teile der Seiten oder das gesamte Angebot ohne gesonderte Ank\u00fcndigung zu ver\u00e4ndern, zu erg\u00e4nzen, zu l\u00f6schen oder die Ver\u00f6ffentlichung zeitweise oder endg\u00fcltig einzustellen.<\/p>\n<p><\/p>\t\t\t\t\t\t\t\t<\/div>\n\t\t\t\t<\/div>\n\t\t\t\t\t<\/div>\n\t\t<\/div>\n\t\t\t\t\t<\/div>\n\t\t<\/section>\n\t\t\t\t<\/div>\n\t\t","protected":false},"excerpt":{"rendered":"<p>4 Print &amp; Finish GmbHDorfgasse 124435 NiederdorfSchweizE-Mail: info@dev.pf-wat.ch Vertretungsberechtigte PersonenBeat Weber Name des Unternehmens: 4 Print &amp; Finish GmbH Datenschutzbeauftragte Person:Beat Weber info@dev.pf-wat.ch Allgemeines \/ EinleitungGest\u00fctzt auf Artikel 13 der Schweizerischen Bundesverfassung und die datenschutzrechtlichen Bestimmungen des Bundes (Datenschutzgesetz, DSG) hat jede Person Anspruch auf Schutz ihrer Privatsph\u00e4re sowie auf Schutz vor Missbrauch ihrer pers\u00f6nlichen [&hellip;]<\/p>\n","protected":false},"author":1,"featured_media":0,"parent":0,"menu_order":0,"comment_status":"closed","ping_status":"open","template":"","meta":{"footnotes":""},"class_list":["post-5","page","type-page","status-publish","hentry"],"_links":{"self":[{"href":"https:\/\/dev.pf-wat.ch\/index.php?rest_route=\/wp\/v2\/pages\/5","targetHints":{"allow":["GET"]}}],"collection":[{"href":"https:\/\/dev.pf-wat.ch\/index.php?rest_route=\/wp\/v2\/pages"}],"about":[{"href":"https:\/\/dev.pf-wat.ch\/index.php?rest_route=\/wp\/v2\/types\/page"}],"author":[{"embeddable":true,"href":"https:\/\/dev.pf-wat.ch\/index.php?rest_route=\/wp\/v2\/users\/1"}],"replies":[{"embeddable":true,"href":"https:\/\/dev.pf-wat.ch\/index.php?rest_route=%2Fwp%2Fv2%2Fcomments&post=5"}],"version-history":[{"count":7,"href":"https:\/\/dev.pf-wat.ch\/index.php?rest_route=\/wp\/v2\/pages\/5\/revisions"}],"predecessor-version":[{"id":1303,"href":"https:\/\/dev.pf-wat.ch\/index.php?rest_route=\/wp\/v2\/pages\/5\/revisions\/1303"}],"wp:attachment":[{"href":"https:\/\/dev.pf-wat.ch\/index.php?rest_route=%2Fwp%2Fv2%2Fmedia&parent=5"}],"curies":[{"name":"wp","href":"https:\/\/api.w.org\/{rel}","templated":true}]}}