{"id":1452,"date":"2025-02-17T15:57:32","date_gmt":"2025-02-17T14:57:32","guid":{"rendered":"https:\/\/dev.pf-wat.ch\/?page_id=1452"},"modified":"2025-02-28T10:43:47","modified_gmt":"2025-02-28T09:43:47","slug":"kontakt","status":"publish","type":"page","link":"https:\/\/dev.pf-wat.ch\/?page_id=1452","title":{"rendered":"Kontakt"},"content":{"rendered":"\t\t<div data-elementor-type=\"wp-post\" data-elementor-id=\"1452\" class=\"elementor elementor-1452\">\n\t\t\t\t\t\t<section class=\"elementor-section elementor-top-section elementor-element elementor-element-ac58a3d elementor-section-full_width kontakt-container elementor-section-height-default elementor-section-height-default\" data-id=\"ac58a3d\" data-element_type=\"section\">\n\t\t\t\t\t\t<div class=\"elementor-container elementor-column-gap-default\">\n\t\t\t\t\t<div class=\"aux-parallax-section elementor-column elementor-col-100 elementor-top-column elementor-element elementor-element-9876e54 kontakt-title\" data-id=\"9876e54\" data-element_type=\"column\">\n\t\t\t<div class=\"elementor-widget-wrap elementor-element-populated\">\n\t\t\t\t\t\t<div class=\"elementor-element elementor-element-fe56344 elementor-widget elementor-widget-heading\" data-id=\"fe56344\" data-element_type=\"widget\" data-widget_type=\"heading.default\">\n\t\t\t\t<div class=\"elementor-widget-container\">\n\t\t\t\t\t<h1 class=\"elementor-heading-title elementor-size-default\">Kontakt<\/h1>\t\t\t\t<\/div>\n\t\t\t\t<\/div>\n\t\t\t\t\t<\/div>\n\t\t<\/div>\n\t\t\t\t\t<\/div>\n\t\t<\/section>\n\t\t\t\t<section class=\"elementor-section elementor-top-section elementor-element elementor-element-eb4ae11 kontakt-content elementor-section-boxed elementor-section-height-default elementor-section-height-default\" data-id=\"eb4ae11\" data-element_type=\"section\">\n\t\t\t\t\t\t<div class=\"elementor-container elementor-column-gap-default\">\n\t\t\t\t\t<div class=\"aux-parallax-section elementor-column elementor-col-100 elementor-top-column elementor-element elementor-element-a99179b elementor-hidden-tablet\" data-id=\"a99179b\" data-element_type=\"column\">\n\t\t\t<div class=\"elementor-widget-wrap elementor-element-populated\">\n\t\t\t\t\t\t<div class=\"elementor-element elementor-element-3916ebc elementor-widget elementor-widget-spacer\" data-id=\"3916ebc\" data-element_type=\"widget\" data-widget_type=\"spacer.default\">\n\t\t\t\t<div class=\"elementor-widget-container\">\n\t\t\t\t\t\t\t<div class=\"elementor-spacer\">\n\t\t\t<div class=\"elementor-spacer-inner\"><\/div>\n\t\t<\/div>\n\t\t\t\t\t\t<\/div>\n\t\t\t\t<\/div>\n\t\t\t\t<section class=\"elementor-section elementor-inner-section elementor-element elementor-element-e143b36 elementor-section-boxed elementor-section-height-default elementor-section-height-default\" data-id=\"e143b36\" data-element_type=\"section\">\n\t\t\t\t\t\t<div class=\"elementor-container elementor-column-gap-default\">\n\t\t\t\t\t<div class=\"aux-parallax-section elementor-column elementor-col-50 elementor-inner-column elementor-element elementor-element-5d877b1 kontakt-text\" data-id=\"5d877b1\" data-element_type=\"column\">\n\t\t\t<div class=\"elementor-widget-wrap elementor-element-populated\">\n\t\t\t\t\t\t<div class=\"elementor-element elementor-element-3dae7fe elementor-widget__width-inherit elementor-widget elementor-widget-text-editor\" data-id=\"3dae7fe\" data-element_type=\"widget\" data-widget_type=\"text-editor.default\">\n\t\t\t\t<div class=\"elementor-widget-container\">\n\t\t\t\t\t\t\t\t\t<p>Sie haben Fragen zu unseren Produkten oder m\u00f6chten einen Termin vereinbaren? Wir sind gerne f\u00fcr Sie da!<\/p><p>Telefon: +41 79 379 70 79<br \/><strong data-start=\"1384\" data-end=\"1394\">E-Mail<\/strong>: <a rel=\"noopener\" data-start=\"1396\" data-end=\"1413\">info@pf-wat.ch<\/a><\/p><p><strong data-start=\"1423\" data-end=\"1434\">Adresse<\/strong>: Burghaldenweg 12, 4435 Niederdorf<br \/><strong data-start=\"1474\" data-end=\"1492\">\u00d6ffnungszeiten<\/strong>: Nach Telefonischer Absprache<\/p>\t\t\t\t\t\t\t\t<\/div>\n\t\t\t\t<\/div>\n\t\t\t\t\t<\/div>\n\t\t<\/div>\n\t\t\t\t<div class=\"aux-parallax-section elementor-column elementor-col-50 elementor-inner-column elementor-element elementor-element-811574e kontakt-map\" data-id=\"811574e\" data-element_type=\"column\">\n\t\t\t<div class=\"elementor-widget-wrap elementor-element-populated\">\n\t\t\t\t\t\t<div class=\"elementor-element elementor-element-471cbec elementor-widget elementor-widget-google_maps\" data-id=\"471cbec\" data-element_type=\"widget\" data-widget_type=\"google_maps.default\">\n\t\t\t\t<div class=\"elementor-widget-container\">\n\t\t\t\t\t\t\t<div class=\"elementor-custom-embed\">\n\t\t\t<iframe loading=\"lazy\"\n\t\t\t\t\tsrc=\"https:\/\/maps.google.com\/maps?q=Burghaldenweg%2012%2C%204435%20Niederdorf&#038;t=m&#038;z=10&#038;output=embed&#038;iwloc=near\"\n\t\t\t\t\ttitle=\"Burghaldenweg 12, 4435 Niederdorf\"\n\t\t\t\t\taria-label=\"Burghaldenweg 12, 4435 Niederdorf\"\n\t\t\t><\/iframe>\n\t\t<\/div>\n\t\t\t\t\t\t<\/div>\n\t\t\t\t<\/div>\n\t\t\t\t\t<\/div>\n\t\t<\/div>\n\t\t\t\t\t<\/div>\n\t\t<\/section>\n\t\t\t\t\t<\/div>\n\t\t<\/div>\n\t\t\t\t\t<\/div>\n\t\t<\/section>\n\t\t\t\t<section class=\"elementor-section elementor-top-section elementor-element elementor-element-8b632c9 elementor-hidden-desktop elementor-hidden-mobile elementor-section-boxed elementor-section-height-default elementor-section-height-default\" data-id=\"8b632c9\" data-element_type=\"section\">\n\t\t\t\t\t\t<div class=\"elementor-container elementor-column-gap-default\">\n\t\t\t\t\t<div class=\"aux-parallax-section elementor-column elementor-col-100 elementor-top-column elementor-element elementor-element-2b0f11c\" data-id=\"2b0f11c\" data-element_type=\"column\">\n\t\t\t<div class=\"elementor-widget-wrap elementor-element-populated\">\n\t\t\t\t\t\t<div class=\"elementor-element elementor-element-fb06c12 elementor-widget elementor-widget-spacer\" data-id=\"fb06c12\" data-element_type=\"widget\" data-widget_type=\"spacer.default\">\n\t\t\t\t<div class=\"elementor-widget-container\">\n\t\t\t\t\t\t\t<div class=\"elementor-spacer\">\n\t\t\t<div class=\"elementor-spacer-inner\"><\/div>\n\t\t<\/div>\n\t\t\t\t\t\t<\/div>\n\t\t\t\t<\/div>\n\t\t\t\t<section class=\"elementor-section elementor-inner-section elementor-element elementor-element-3f0d6bd elementor-section-boxed elementor-section-height-default elementor-section-height-default\" data-id=\"3f0d6bd\" data-element_type=\"section\">\n\t\t\t\t\t\t<div class=\"elementor-container elementor-column-gap-default\">\n\t\t\t\t\t<div class=\"aux-parallax-section elementor-column elementor-col-50 elementor-inner-column elementor-element elementor-element-bf5830f kontakt-text\" data-id=\"bf5830f\" data-element_type=\"column\">\n\t\t\t<div class=\"elementor-widget-wrap elementor-element-populated\">\n\t\t\t\t\t\t<div class=\"elementor-element elementor-element-21cd3d4 elementor-widget__width-inherit elementor-widget elementor-widget-text-editor\" data-id=\"21cd3d4\" data-element_type=\"widget\" data-widget_type=\"text-editor.default\">\n\t\t\t\t<div class=\"elementor-widget-container\">\n\t\t\t\t\t\t\t\t\t<p>Sie haben Fragen zu unseren Produkten oder m\u00f6chten einen Termin vereinbaren? Wir sind gerne f\u00fcr Sie da!<\/p><p>Telefon: +41 79 379 70 79<br \/><strong data-start=\"1384\" data-end=\"1394\">E-Mail<\/strong>: <a rel=\"noopener\" data-start=\"1396\" data-end=\"1413\">info@pf-wat.ch<\/a><\/p><p><strong data-start=\"1423\" data-end=\"1434\">Adresse<\/strong>: Burghaldenweg 12,<br \/>4435 Niederdorf<br \/><strong data-start=\"1474\" data-end=\"1492\">\u00d6ffnungszeiten<\/strong>: Nach Telefonischer Absprache<\/p>\t\t\t\t\t\t\t\t<\/div>\n\t\t\t\t<\/div>\n\t\t\t\t\t<\/div>\n\t\t<\/div>\n\t\t\t\t<div class=\"aux-parallax-section elementor-column elementor-col-50 elementor-inner-column elementor-element elementor-element-ea09c6e kontakt-map\" data-id=\"ea09c6e\" data-element_type=\"column\">\n\t\t\t<div class=\"elementor-widget-wrap elementor-element-populated\">\n\t\t\t\t\t\t<div class=\"elementor-element elementor-element-fce8186 elementor-widget elementor-widget-google_maps\" data-id=\"fce8186\" data-element_type=\"widget\" data-widget_type=\"google_maps.default\">\n\t\t\t\t<div class=\"elementor-widget-container\">\n\t\t\t\t\t\t\t<div class=\"elementor-custom-embed\">\n\t\t\t<iframe loading=\"lazy\"\n\t\t\t\t\tsrc=\"https:\/\/maps.google.com\/maps?q=Burghaldenweg%2012%2C%204435%20Niederdorf&#038;t=m&#038;z=10&#038;output=embed&#038;iwloc=near\"\n\t\t\t\t\ttitle=\"Burghaldenweg 12, 4435 Niederdorf\"\n\t\t\t\t\taria-label=\"Burghaldenweg 12, 4435 Niederdorf\"\n\t\t\t><\/iframe>\n\t\t<\/div>\n\t\t\t\t\t\t<\/div>\n\t\t\t\t<\/div>\n\t\t\t\t\t<\/div>\n\t\t<\/div>\n\t\t\t\t\t<\/div>\n\t\t<\/section>\n\t\t\t\t\t<\/div>\n\t\t<\/div>\n\t\t\t\t\t<\/div>\n\t\t<\/section>\n\t\t\t\t<section class=\"elementor-section elementor-top-section elementor-element elementor-element-c77c0fc elementor-section-boxed elementor-section-height-default elementor-section-height-default\" data-id=\"c77c0fc\" data-element_type=\"section\">\n\t\t\t\t\t\t<div class=\"elementor-container elementor-column-gap-default\">\n\t\t\t\t\t<div class=\"aux-parallax-section elementor-column elementor-col-100 elementor-top-column elementor-element elementor-element-e19ca81\" data-id=\"e19ca81\" data-element_type=\"column\">\n\t\t\t<div class=\"elementor-widget-wrap elementor-element-populated\">\n\t\t\t\t\t\t<div class=\"elementor-element elementor-element-f06f390 elementor-widget elementor-widget-aux_button\" data-id=\"f06f390\" data-element_type=\"widget\" data-widget_type=\"aux_button.default\">\n\t\t\t\t<div class=\"elementor-widget-container\">\n\t\t\t\t\t<a  href=\"https:\/\/dev.pf-wat.ch\/wp-content\/uploads\/2025\/02\/Boxen-Bestand-aktuell.xlsx\" target=\"_self\"   class=\"aux-button aux-medium aux-tower-gray aux-round aux-none aux-uppercase aux-icon-left\" ><span class=\"aux-overlay\"><\/span><i aria-hidden=\"true\" class=\"aux-icon far fa-file-excel\"><\/i><span class=\"aux-text\">Lager-Bestand<\/span><\/a>\t\t\t\t<\/div>\n\t\t\t\t<\/div>\n\t\t\t\t\t<\/div>\n\t\t<\/div>\n\t\t\t\t\t<\/div>\n\t\t<\/section>\n\t\t\t\t<\/div>\n\t\t","protected":false},"excerpt":{"rendered":"<p>Kontakt Sie haben Fragen zu unseren Produkten oder m\u00f6chten einen Termin vereinbaren? Wir sind gerne f\u00fcr Sie da! Telefon: +41 79 379 70 79E-Mail: info@pf-wat.ch Adresse: Burghaldenweg 12, 4435 Niederdorf\u00d6ffnungszeiten: Nach Telefonischer Absprache Sie haben Fragen zu unseren Produkten oder m\u00f6chten einen Termin vereinbaren? Wir sind gerne f\u00fcr Sie da! Telefon: +41 79 379 70 [&hellip;]<\/p>\n","protected":false},"author":1,"featured_media":0,"parent":0,"menu_order":0,"comment_status":"closed","ping_status":"closed","template":"","meta":{"footnotes":""},"class_list":["post-1452","page","type-page","status-publish","hentry"],"_links":{"self":[{"href":"https:\/\/dev.pf-wat.ch\/index.php?rest_route=\/wp\/v2\/pages\/1452","targetHints":{"allow":["GET"]}}],"collection":[{"href":"https:\/\/dev.pf-wat.ch\/index.php?rest_route=\/wp\/v2\/pages"}],"about":[{"href":"https:\/\/dev.pf-wat.ch\/index.php?rest_route=\/wp\/v2\/types\/page"}],"author":[{"embeddable":true,"href":"https:\/\/dev.pf-wat.ch\/index.php?rest_route=\/wp\/v2\/users\/1"}],"replies":[{"embeddable":true,"href":"https:\/\/dev.pf-wat.ch\/index.php?rest_route=%2Fwp%2Fv2%2Fcomments&post=1452"}],"version-history":[{"count":136,"href":"https:\/\/dev.pf-wat.ch\/index.php?rest_route=\/wp\/v2\/pages\/1452\/revisions"}],"predecessor-version":[{"id":1810,"href":"https:\/\/dev.pf-wat.ch\/index.php?rest_route=\/wp\/v2\/pages\/1452\/revisions\/1810"}],"wp:attachment":[{"href":"https:\/\/dev.pf-wat.ch\/index.php?rest_route=%2Fwp%2Fv2%2Fmedia&parent=1452"}],"curies":[{"name":"wp","href":"https:\/\/api.w.org\/{rel}","templated":true}]}}