{"id":1433,"date":"2025-02-17T15:12:58","date_gmt":"2025-02-17T14:12:58","guid":{"rendered":"https:\/\/dev.pf-wat.ch\/?page_id=1433"},"modified":"2025-02-28T10:17:14","modified_gmt":"2025-02-28T09:17:14","slug":"alpine-edition","status":"publish","type":"page","link":"https:\/\/dev.pf-wat.ch\/?page_id=1433","title":{"rendered":"Alpine Edition"},"content":{"rendered":"\t\t<div data-elementor-type=\"wp-post\" data-elementor-id=\"1433\" class=\"elementor elementor-1433\">\n\t\t\t\t\t\t<section class=\"elementor-section elementor-top-section elementor-element elementor-element-bc7cc22 elementor-section-boxed elementor-section-height-default elementor-section-height-default\" data-id=\"bc7cc22\" data-element_type=\"section\">\n\t\t\t\t\t\t<div class=\"elementor-container elementor-column-gap-default\">\n\t\t\t\t\t<div class=\"aux-parallax-section elementor-column elementor-col-100 elementor-top-column elementor-element elementor-element-be070c1\" data-id=\"be070c1\" data-element_type=\"column\">\n\t\t\t<div class=\"elementor-widget-wrap elementor-element-populated\">\n\t\t\t\t\t\t<div class=\"elementor-element elementor-element-1d1fe2d elementor-widget elementor-widget-text-editor\" data-id=\"1d1fe2d\" data-element_type=\"widget\" data-widget_type=\"text-editor.default\">\n\t\t\t\t<div class=\"elementor-widget-container\">\n\t\t\t\t\t\t\t\t\t<h1><strong>Alpine-Edition<\/strong><\/h1>\t\t\t\t\t\t\t\t<\/div>\n\t\t\t\t<\/div>\n\t\t\t\t\t<\/div>\n\t\t<\/div>\n\t\t\t\t\t<\/div>\n\t\t<\/section>\n\t\t\t\t<section class=\"elementor-section elementor-top-section elementor-element elementor-element-85b2478 elementor-section-boxed elementor-section-height-default elementor-section-height-default\" data-id=\"85b2478\" data-element_type=\"section\">\n\t\t\t\t\t\t<div class=\"elementor-container elementor-column-gap-default\">\n\t\t\t\t\t<div class=\"aux-parallax-section elementor-column elementor-col-16 elementor-top-column elementor-element elementor-element-2c63e6e\" data-id=\"2c63e6e\" data-element_type=\"column\">\n\t\t\t<div class=\"elementor-widget-wrap\">\n\t\t\t\t\t\t\t<\/div>\n\t\t<\/div>\n\t\t\t\t<div class=\"aux-parallax-section elementor-column elementor-col-66 elementor-top-column elementor-element elementor-element-a28d62c\" data-id=\"a28d62c\" data-element_type=\"column\">\n\t\t\t<div class=\"elementor-widget-wrap elementor-element-populated\">\n\t\t\t\t\t\t<div class=\"elementor-element elementor-element-dd484b5 elementor-widget elementor-widget-text-editor\" data-id=\"dd484b5\" data-element_type=\"widget\" data-widget_type=\"text-editor.default\">\n\t\t\t\t<div class=\"elementor-widget-container\">\n\t\t\t\t\t\t\t\t\t<p>Die Sport Uhren <strong>Alpine Edition<\/strong> sind hochwertige Schweizer Automatikuhren in sportlichem Design. Die Zifferblattfarben sind inspiriert von Farben von klassischen Sportwagen. Zeiger und Ziffern sind mit nachleuchtenden Super Luminova Pigmenten belegt, welche sogar die ganze Nacht nachleuchten k\u00f6nnen.<\/p><p>Ausger\u00fcstet mit einem Schweizer Sellita-Automatenwerk mit Datum, einem robusten Edelstahlgeh\u00e4use mit verschraubten Krone und Boden, Keramikl\u00fcnette und kratzfestem Saphirglas, wasserdicht bis 200 m bestehen die Uhren Abenteurer in Natur sowie den Arbeitsalltag unbeschadet.<\/p><p><strong>Swiss Made, 2 Jahre Garantie.<\/strong><br \/><br \/><em><span style=\"text-decoration: underline;\">Preis ab 670 CHF<\/span><\/em><\/p>\t\t\t\t\t\t\t\t<\/div>\n\t\t\t\t<\/div>\n\t\t\t\t\t<\/div>\n\t\t<\/div>\n\t\t\t\t<div class=\"aux-parallax-section elementor-column elementor-col-16 elementor-top-column elementor-element elementor-element-1e613fb\" data-id=\"1e613fb\" data-element_type=\"column\">\n\t\t\t<div class=\"elementor-widget-wrap\">\n\t\t\t\t\t\t\t<\/div>\n\t\t<\/div>\n\t\t\t\t\t<\/div>\n\t\t<\/section>\n\t\t\t\t<section class=\"elementor-section elementor-top-section elementor-element elementor-element-0bdc0e5 elementor-section-boxed elementor-section-height-default elementor-section-height-default\" data-id=\"0bdc0e5\" data-element_type=\"section\">\n\t\t\t\t\t\t<div class=\"elementor-container elementor-column-gap-default\">\n\t\t\t\t\t<div class=\"aux-parallax-section elementor-column elementor-col-100 elementor-top-column elementor-element elementor-element-032c6b5\" data-id=\"032c6b5\" data-element_type=\"column\">\n\t\t\t<div class=\"elementor-widget-wrap elementor-element-populated\">\n\t\t\t\t\t\t<div class=\"elementor-element elementor-element-1981f80 elementor-widget elementor-widget-image-gallery\" data-id=\"1981f80\" data-element_type=\"widget\" data-widget_type=\"image-gallery.default\">\n\t\t\t\t<div class=\"elementor-widget-container\">\n\t\t\t\t\t\t\t<div class=\"elementor-image-gallery\">\n\t\t\t<div id='gallery-1' class='gallery galleryid-1433 gallery-columns-3 gallery-size-1536x1536'><figure class='gallery-item'>\n\t\t\t<div class='gallery-icon portrait'>\n\t\t\t\t<a data-elementor-open-lightbox=\"yes\" data-elementor-lightbox-slideshow=\"1981f80\" data-elementor-lightbox-title=\"Klausen 1952m\" data-elementor-lightbox-description=\"Die Klausen Uhr erinnert an die grossen Zeiten der Bergrennen am Klausenpass.\n\" data-e-action-hash=\"#elementor-action%3Aaction%3Dlightbox%26settings%3DeyJpZCI6MTM4NCwidXJsIjoiaHR0cHM6XC9cL2Rldi5wZi13YXQuY2hcL3dwLWNvbnRlbnRcL3VwbG9hZHNcLzIwMjVcLzAyXC80MDEtMS1aQi1ncmF1LUx1bmV0dGUtc2Nod2Fyei5wbmciLCJzbGlkZXNob3ciOiIxOTgxZjgwIn0%3D\" href='https:\/\/dev.pf-wat.ch\/wp-content\/uploads\/2025\/02\/401-1-ZB-grau-Lunette-schwarz.png'><img loading=\"lazy\" decoding=\"async\" width=\"1024\" height=\"1536\" src=\"https:\/\/dev.pf-wat.ch\/wp-content\/uploads\/2025\/02\/401-1-ZB-grau-Lunette-schwarz-1024x1536.png\" class=\"attachment-1536x1536 size-1536x1536\" alt=\"Jaguar Onyx White, Lunette Schwarz\" srcset=\"https:\/\/dev.pf-wat.ch\/wp-content\/uploads\/2025\/02\/401-1-ZB-grau-Lunette-schwarz-1024x1536.png 1024w, https:\/\/dev.pf-wat.ch\/wp-content\/uploads\/2025\/02\/401-1-ZB-grau-Lunette-schwarz-1365x2048.png 1365w, https:\/\/dev.pf-wat.ch\/wp-content\/uploads\/2025\/02\/401-1-ZB-grau-Lunette-schwarz-600x900.png 600w\" sizes=\"auto, (max-width: 1024px) 100vw, 1024px\" \/><\/a>\n\t\t\t<\/div><\/figure><figure class='gallery-item'>\n\t\t\t<div class='gallery-icon portrait'>\n\t\t\t\t<a data-elementor-open-lightbox=\"yes\" data-elementor-lightbox-slideshow=\"1981f80\" data-elementor-lightbox-title=\"Klausen 1952m\" data-elementor-lightbox-description=\"Die zweite Klausen Uhr unterscheidet sich durch den blauen Keramikring in der Farbe Riley Riviera Blue.\" data-e-action-hash=\"#elementor-action%3Aaction%3Dlightbox%26settings%3DeyJpZCI6MTM4MiwidXJsIjoiaHR0cHM6XC9cL2Rldi5wZi13YXQuY2hcL3dwLWNvbnRlbnRcL3VwbG9hZHNcLzIwMjVcLzAyXC80MDEtMS02X1pCX2dyYXVfX0x1bmV0dGVfYmxhdS1yZW1vdmViZy5wbmciLCJzbGlkZXNob3ciOiIxOTgxZjgwIn0%3D\" href='https:\/\/dev.pf-wat.ch\/wp-content\/uploads\/2025\/02\/401-1-6_ZB_grau__Lunette_blau-removebg.png'><img loading=\"lazy\" decoding=\"async\" width=\"1024\" height=\"1536\" src=\"https:\/\/dev.pf-wat.ch\/wp-content\/uploads\/2025\/02\/401-1-6_ZB_grau__Lunette_blau-removebg-1024x1536.png\" class=\"attachment-1536x1536 size-1536x1536\" alt=\"Jaguar Onyx White, Lunnete Blau\" srcset=\"https:\/\/dev.pf-wat.ch\/wp-content\/uploads\/2025\/02\/401-1-6_ZB_grau__Lunette_blau-removebg-1024x1536.png 1024w, https:\/\/dev.pf-wat.ch\/wp-content\/uploads\/2025\/02\/401-1-6_ZB_grau__Lunette_blau-removebg-1365x2048.png 1365w, https:\/\/dev.pf-wat.ch\/wp-content\/uploads\/2025\/02\/401-1-6_ZB_grau__Lunette_blau-removebg-600x900.png 600w\" sizes=\"auto, (max-width: 1024px) 100vw, 1024px\" \/><\/a>\n\t\t\t<\/div><\/figure><figure class='gallery-item'>\n\t\t\t<div class='gallery-icon portrait'>\n\t\t\t\t<a data-elementor-open-lightbox=\"yes\" data-elementor-lightbox-slideshow=\"1981f80\" data-elementor-lightbox-title=\"Bernina 2330m\" data-elementor-lightbox-description=\"Das Zifferblatt zeigt den klassischen Schwarzton der traditionellen Zuffenhausner Sportwagenschmiede.\" data-e-action-hash=\"#elementor-action%3Aaction%3Dlightbox%26settings%3DeyJpZCI6MTM4NiwidXJsIjoiaHR0cHM6XC9cL2Rldi5wZi13YXQuY2hcL3dwLWNvbnRlbnRcL3VwbG9hZHNcLzIwMjVcLzAyXC9BZG9iZS1FeHByZXNzLWZpbGUucG5nIiwic2xpZGVzaG93IjoiMTk4MWY4MCJ9\" href='https:\/\/dev.pf-wat.ch\/wp-content\/uploads\/2025\/02\/Adobe-Express-file.png'><img loading=\"lazy\" decoding=\"async\" width=\"1024\" height=\"1536\" src=\"https:\/\/dev.pf-wat.ch\/wp-content\/uploads\/2025\/02\/Adobe-Express-file-1024x1536.png\" class=\"attachment-1536x1536 size-1536x1536\" alt=\"Porsche Brilliant Schwarz, Lunette Schwarz\" srcset=\"https:\/\/dev.pf-wat.ch\/wp-content\/uploads\/2025\/02\/Adobe-Express-file-1024x1536.png 1024w, https:\/\/dev.pf-wat.ch\/wp-content\/uploads\/2025\/02\/Adobe-Express-file-1365x2048.png 1365w, https:\/\/dev.pf-wat.ch\/wp-content\/uploads\/2025\/02\/Adobe-Express-file-600x900.png 600w\" sizes=\"auto, (max-width: 1024px) 100vw, 1024px\" \/><\/a>\n\t\t\t<\/div><\/figure><figure class='gallery-item'>\n\t\t\t<div class='gallery-icon portrait'>\n\t\t\t\t<a data-elementor-open-lightbox=\"yes\" data-elementor-lightbox-slideshow=\"1981f80\" data-elementor-lightbox-title=\"Lucomagno 1920m\" data-elementor-lightbox-description=\"Die Farbe lehnt sich an Giallo Sole von Lamborghini an, gut vorstellbar wie die gelben Sportwagenden den Lukmanier bezwungen haben.\" data-e-action-hash=\"#elementor-action%3Aaction%3Dlightbox%26settings%3DeyJpZCI6MTM4OCwidXJsIjoiaHR0cHM6XC9cL2Rldi5wZi13YXQuY2hcL3dwLWNvbnRlbnRcL3VwbG9hZHNcLzIwMjVcLzAyXC9BZG9iZS1FeHByZXNzLWZpbGUtMS5wbmciLCJzbGlkZXNob3ciOiIxOTgxZjgwIn0%3D\" href='https:\/\/dev.pf-wat.ch\/wp-content\/uploads\/2025\/02\/Adobe-Express-file-1.png'><img loading=\"lazy\" decoding=\"async\" width=\"1024\" height=\"1536\" src=\"https:\/\/dev.pf-wat.ch\/wp-content\/uploads\/2025\/02\/Adobe-Express-file-1-1024x1536.png\" class=\"attachment-1536x1536 size-1536x1536\" alt=\"Lamborghini Giallo Sole Gelb, Lunette Schwarz\" srcset=\"https:\/\/dev.pf-wat.ch\/wp-content\/uploads\/2025\/02\/Adobe-Express-file-1-1024x1536.png 1024w, https:\/\/dev.pf-wat.ch\/wp-content\/uploads\/2025\/02\/Adobe-Express-file-1-1365x2048.png 1365w, https:\/\/dev.pf-wat.ch\/wp-content\/uploads\/2025\/02\/Adobe-Express-file-1-600x900.png 600w\" sizes=\"auto, (max-width: 1024px) 100vw, 1024px\" \/><\/a>\n\t\t\t<\/div><\/figure><figure class='gallery-item'>\n\t\t\t<div class='gallery-icon portrait'>\n\t\t\t\t<a data-elementor-open-lightbox=\"yes\" data-elementor-lightbox-slideshow=\"1981f80\" data-elementor-lightbox-title=\"Gotthard 2107m\" data-elementor-lightbox-description=\"Das klassische Ferrari Rosso Corsa stand Pate f\u00fcr die Uhr Gotthard, die wiederum an den legend\u00e4ren Schweizer Alpen Pass erinnert.\" data-e-action-hash=\"#elementor-action%3Aaction%3Dlightbox%26settings%3DeyJpZCI6MTM5MCwidXJsIjoiaHR0cHM6XC9cL2Rldi5wZi13YXQuY2hcL3dwLWNvbnRlbnRcL3VwbG9hZHNcLzIwMjVcLzAyXC80MDQtNS1aQi1yb3QtTHVuZXR0ZS1zY2h3YXJ6LnBuZyIsInNsaWRlc2hvdyI6IjE5ODFmODAifQ%3D%3D\" href='https:\/\/dev.pf-wat.ch\/wp-content\/uploads\/2025\/02\/404-5-ZB-rot-Lunette-schwarz.png'><img loading=\"lazy\" decoding=\"async\" width=\"1024\" height=\"1536\" src=\"https:\/\/dev.pf-wat.ch\/wp-content\/uploads\/2025\/02\/404-5-ZB-rot-Lunette-schwarz-1024x1536.png\" class=\"attachment-1536x1536 size-1536x1536\" alt=\"Ferrari Rosso Corsa Rot, Lunette Schwarz\" srcset=\"https:\/\/dev.pf-wat.ch\/wp-content\/uploads\/2025\/02\/404-5-ZB-rot-Lunette-schwarz-1024x1536.png 1024w, https:\/\/dev.pf-wat.ch\/wp-content\/uploads\/2025\/02\/404-5-ZB-rot-Lunette-schwarz-1365x2048.png 1365w, https:\/\/dev.pf-wat.ch\/wp-content\/uploads\/2025\/02\/404-5-ZB-rot-Lunette-schwarz-600x900.png 600w\" sizes=\"auto, (max-width: 1024px) 100vw, 1024px\" \/><\/a>\n\t\t\t<\/div><\/figure><figure class='gallery-item'>\n\t\t\t<div class='gallery-icon portrait'>\n\t\t\t\t<a data-elementor-open-lightbox=\"yes\" data-elementor-lightbox-slideshow=\"1981f80\" data-elementor-lightbox-title=\"Col des Mosses 1445 m\" data-elementor-lightbox-description=\"L\u00fcnette und Zifferblatt in Riley Blue, tr\u00e4gt die Uhr stolz den Namen Col des Mosses, dem Pass, der die Wasserscheide zwischen Rohne und Rhein bildet.\" data-e-action-hash=\"#elementor-action%3Aaction%3Dlightbox%26settings%3DeyJpZCI6MTM5MiwidXJsIjoiaHR0cHM6XC9cL2Rldi5wZi13YXQuY2hcL3dwLWNvbnRlbnRcL3VwbG9hZHNcLzIwMjVcLzAyXC80MDUtNi02LVpCLWJsYXUtTHVuZXR0ZS1ibGF1LnBuZyIsInNsaWRlc2hvdyI6IjE5ODFmODAifQ%3D%3D\" href='https:\/\/dev.pf-wat.ch\/wp-content\/uploads\/2025\/02\/405-6-6-ZB-blau-Lunette-blau.png'><img loading=\"lazy\" decoding=\"async\" width=\"1024\" height=\"1536\" src=\"https:\/\/dev.pf-wat.ch\/wp-content\/uploads\/2025\/02\/405-6-6-ZB-blau-Lunette-blau-1024x1536.png\" class=\"attachment-1536x1536 size-1536x1536\" alt=\"Riley Riviera Blue, Lunette Blau\" srcset=\"https:\/\/dev.pf-wat.ch\/wp-content\/uploads\/2025\/02\/405-6-6-ZB-blau-Lunette-blau-1024x1536.png 1024w, https:\/\/dev.pf-wat.ch\/wp-content\/uploads\/2025\/02\/405-6-6-ZB-blau-Lunette-blau-1365x2048.png 1365w, https:\/\/dev.pf-wat.ch\/wp-content\/uploads\/2025\/02\/405-6-6-ZB-blau-Lunette-blau-600x900.png 600w\" sizes=\"auto, (max-width: 1024px) 100vw, 1024px\" \/><\/a>\n\t\t\t<\/div><\/figure><figure class='gallery-item'>\n\t\t\t<div class='gallery-icon portrait'>\n\t\t\t\t<a data-elementor-open-lightbox=\"yes\" data-elementor-lightbox-slideshow=\"1981f80\" data-elementor-lightbox-title=\"Grimsel 2164m\" data-elementor-lightbox-description=\"Das klassische British Racing Green steht f\u00fcr die freie Natur, in die der Grimselpass eingebettet ist.\" data-e-action-hash=\"#elementor-action%3Aaction%3Dlightbox%26settings%3DeyJpZCI6MTM5NCwidXJsIjoiaHR0cHM6XC9cL2Rldi5wZi13YXQuY2hcL3dwLWNvbnRlbnRcL3VwbG9hZHNcLzIwMjVcLzAyXC80MDYtNy1aQi1ncnVlbi1MdW5ldHRlLXNjaHdhcnoucG5nIiwic2xpZGVzaG93IjoiMTk4MWY4MCJ9\" href='https:\/\/dev.pf-wat.ch\/wp-content\/uploads\/2025\/02\/406-7-ZB-gruen-Lunette-schwarz.png'><img loading=\"lazy\" decoding=\"async\" width=\"1024\" height=\"1536\" src=\"https:\/\/dev.pf-wat.ch\/wp-content\/uploads\/2025\/02\/406-7-ZB-gruen-Lunette-schwarz-1024x1536.png\" class=\"attachment-1536x1536 size-1536x1536\" alt=\"Lotus British Racing Green, Lunette Schwarz\" srcset=\"https:\/\/dev.pf-wat.ch\/wp-content\/uploads\/2025\/02\/406-7-ZB-gruen-Lunette-schwarz-1024x1536.png 1024w, https:\/\/dev.pf-wat.ch\/wp-content\/uploads\/2025\/02\/406-7-ZB-gruen-Lunette-schwarz-1365x2048.png 1365w, https:\/\/dev.pf-wat.ch\/wp-content\/uploads\/2025\/02\/406-7-ZB-gruen-Lunette-schwarz-600x900.png 600w\" sizes=\"auto, (max-width: 1024px) 100vw, 1024px\" \/><\/a>\n\t\t\t<\/div><\/figure><figure class='gallery-item'>\n\t\t\t<div class='gallery-icon portrait'>\n\t\t\t\t<a data-elementor-open-lightbox=\"yes\" data-elementor-lightbox-slideshow=\"1981f80\" data-elementor-lightbox-title=\"Furka 2429m\" data-elementor-lightbox-description=\"Das Britisch Racing Green wird erg\u00e4nzt mit blauer Keramikl\u00fcnette, welche ein Hommage an den Furka Pass und dem nahen Rhone Gletscher ist, wo die Rohne entspringt.  \" data-e-action-hash=\"#elementor-action%3Aaction%3Dlightbox%26settings%3DeyJpZCI6MTc2OSwidXJsIjoiaHR0cHM6XC9cL2Rldi5wZi13YXQuY2hcL3dwLWNvbnRlbnRcL3VwbG9hZHNcLzIwMjVcLzAyXC9GdXJrYS1yZXMucG5nIiwic2xpZGVzaG93IjoiMTk4MWY4MCJ9\" href='https:\/\/dev.pf-wat.ch\/wp-content\/uploads\/2025\/02\/Furka-res.png'><img loading=\"lazy\" decoding=\"async\" width=\"1024\" height=\"1536\" src=\"https:\/\/dev.pf-wat.ch\/wp-content\/uploads\/2025\/02\/Furka-res-1024x1536.png\" class=\"attachment-1536x1536 size-1536x1536\" alt=\"\" aria-describedby=\"gallery-1-1769\" srcset=\"https:\/\/dev.pf-wat.ch\/wp-content\/uploads\/2025\/02\/Furka-res-1024x1536.png 1024w, https:\/\/dev.pf-wat.ch\/wp-content\/uploads\/2025\/02\/Furka-res-1365x2048.png 1365w\" sizes=\"auto, (max-width: 1024px) 100vw, 1024px\" \/><\/a>\n\t\t\t<\/div>\n\t\t\t\t<figcaption class='wp-caption-text gallery-caption' id='gallery-1-1769'>\n\t\t\t\t!NEU!\n\t\t\t\t<\/figcaption><\/figure>\n\t\t<\/div>\n\t\t<\/div>\n\t\t\t\t\t\t<\/div>\n\t\t\t\t<\/div>\n\t\t\t\t\t<\/div>\n\t\t<\/div>\n\t\t\t\t\t<\/div>\n\t\t<\/section>\n\t\t\t\t<\/div>\n\t\t","protected":false},"excerpt":{"rendered":"<p>Alpine-Edition Die Sport Uhren Alpine Edition sind hochwertige Schweizer Automatikuhren in sportlichem Design. Die Zifferblattfarben sind inspiriert von Farben von klassischen Sportwagen. Zeiger und Ziffern sind mit nachleuchtenden Super Luminova Pigmenten belegt, welche sogar die ganze Nacht nachleuchten k\u00f6nnen. Ausger\u00fcstet mit einem Schweizer Sellita-Automatenwerk mit Datum, einem robusten Edelstahlgeh\u00e4use mit verschraubten Krone und Boden, Keramikl\u00fcnette [&hellip;]<\/p>\n","protected":false},"author":1,"featured_media":0,"parent":0,"menu_order":0,"comment_status":"closed","ping_status":"closed","template":"","meta":{"footnotes":""},"class_list":["post-1433","page","type-page","status-publish","hentry"],"_links":{"self":[{"href":"https:\/\/dev.pf-wat.ch\/index.php?rest_route=\/wp\/v2\/pages\/1433","targetHints":{"allow":["GET"]}}],"collection":[{"href":"https:\/\/dev.pf-wat.ch\/index.php?rest_route=\/wp\/v2\/pages"}],"about":[{"href":"https:\/\/dev.pf-wat.ch\/index.php?rest_route=\/wp\/v2\/types\/page"}],"author":[{"embeddable":true,"href":"https:\/\/dev.pf-wat.ch\/index.php?rest_route=\/wp\/v2\/users\/1"}],"replies":[{"embeddable":true,"href":"https:\/\/dev.pf-wat.ch\/index.php?rest_route=%2Fwp%2Fv2%2Fcomments&post=1433"}],"version-history":[{"count":49,"href":"https:\/\/dev.pf-wat.ch\/index.php?rest_route=\/wp\/v2\/pages\/1433\/revisions"}],"predecessor-version":[{"id":1791,"href":"https:\/\/dev.pf-wat.ch\/index.php?rest_route=\/wp\/v2\/pages\/1433\/revisions\/1791"}],"wp:attachment":[{"href":"https:\/\/dev.pf-wat.ch\/index.php?rest_route=%2Fwp%2Fv2%2Fmedia&parent=1433"}],"curies":[{"name":"wp","href":"https:\/\/api.w.org\/{rel}","templated":true}]}}