{"id":1428,"date":"2025-02-17T15:11:31","date_gmt":"2025-02-17T14:11:31","guid":{"rendered":"https:\/\/dev.pf-wat.ch\/?page_id=1428"},"modified":"2025-02-28T10:27:08","modified_gmt":"2025-02-28T09:27:08","slug":"racing-line","status":"publish","type":"page","link":"https:\/\/dev.pf-wat.ch\/?page_id=1428","title":{"rendered":"Racing Line"},"content":{"rendered":"\t\t<div data-elementor-type=\"wp-post\" data-elementor-id=\"1428\" class=\"elementor elementor-1428\">\n\t\t\t\t\t\t<section class=\"elementor-section elementor-top-section elementor-element elementor-element-2ff4251 elementor-section-boxed elementor-section-height-default elementor-section-height-default\" data-id=\"2ff4251\" data-element_type=\"section\">\n\t\t\t\t\t\t<div class=\"elementor-container elementor-column-gap-default\">\n\t\t\t\t\t<div class=\"aux-parallax-section elementor-column elementor-col-100 elementor-top-column elementor-element elementor-element-bb60654\" data-id=\"bb60654\" data-element_type=\"column\">\n\t\t\t<div class=\"elementor-widget-wrap elementor-element-populated\">\n\t\t\t\t\t\t<div class=\"elementor-element elementor-element-b2b3903 elementor-widget elementor-widget-text-editor\" data-id=\"b2b3903\" data-element_type=\"widget\" data-widget_type=\"text-editor.default\">\n\t\t\t\t<div class=\"elementor-widget-container\">\n\t\t\t\t\t\t\t\t\t<h1>Racing-Line<\/h1>\t\t\t\t\t\t\t\t<\/div>\n\t\t\t\t<\/div>\n\t\t\t\t\t<\/div>\n\t\t<\/div>\n\t\t\t\t\t<\/div>\n\t\t<\/section>\n\t\t\t\t<section class=\"elementor-section elementor-top-section elementor-element elementor-element-0249e51 elementor-section-boxed elementor-section-height-default elementor-section-height-default\" data-id=\"0249e51\" data-element_type=\"section\">\n\t\t\t\t\t\t<div class=\"elementor-container elementor-column-gap-default\">\n\t\t\t\t\t<div class=\"aux-parallax-section elementor-column elementor-col-16 elementor-top-column elementor-element elementor-element-bff26b3\" data-id=\"bff26b3\" data-element_type=\"column\">\n\t\t\t<div class=\"elementor-widget-wrap\">\n\t\t\t\t\t\t\t<\/div>\n\t\t<\/div>\n\t\t\t\t<div class=\"aux-parallax-section elementor-column elementor-col-66 elementor-top-column elementor-element elementor-element-97fe5ae\" data-id=\"97fe5ae\" data-element_type=\"column\">\n\t\t\t<div class=\"elementor-widget-wrap elementor-element-populated\">\n\t\t\t\t\t\t<div class=\"elementor-element elementor-element-62b3a90 elementor-widget elementor-widget-text-editor\" data-id=\"62b3a90\" data-element_type=\"widget\" data-widget_type=\"text-editor.default\">\n\t\t\t\t<div class=\"elementor-widget-container\">\n\t\t\t\t\t\t\t\t\t<p>Unsere Sportuhr mit RONDA Quarzwerk bietet Datumsanzeige, Stoppuhr und Alarmfunktion. Das\u00a0robuste, 100 m wasserdichte Stahlgeh\u00e4use h\u00e4lt jedem Abenteuer stand, die verstellbare Keramikl\u00fcnette verleiht Eleganz und Funktionalit\u00e4t. Blau nachleuchtende Indexe und Zeiger sorgen f\u00fcr gute Ablesbarkeit bei Nacht.<\/p><p><strong>Swiss Made, 2 Jahre Garantie<\/strong><\/p><p><span style=\"text-decoration: underline;\">Preis ab 300 CHF<\/span><\/p>\t\t\t\t\t\t\t\t<\/div>\n\t\t\t\t<\/div>\n\t\t\t\t\t<\/div>\n\t\t<\/div>\n\t\t\t\t<div class=\"aux-parallax-section elementor-column elementor-col-16 elementor-top-column elementor-element elementor-element-f3ec916\" data-id=\"f3ec916\" data-element_type=\"column\">\n\t\t\t<div class=\"elementor-widget-wrap\">\n\t\t\t\t\t\t\t<\/div>\n\t\t<\/div>\n\t\t\t\t\t<\/div>\n\t\t<\/section>\n\t\t\t\t<section class=\"elementor-section elementor-top-section elementor-element elementor-element-09a3d8d elementor-section-boxed elementor-section-height-default elementor-section-height-default\" data-id=\"09a3d8d\" data-element_type=\"section\">\n\t\t\t\t\t\t<div class=\"elementor-container elementor-column-gap-default\">\n\t\t\t\t\t<div class=\"aux-parallax-section elementor-column elementor-col-100 elementor-top-column elementor-element elementor-element-f7ac096\" data-id=\"f7ac096\" data-element_type=\"column\">\n\t\t\t<div class=\"elementor-widget-wrap elementor-element-populated\">\n\t\t\t\t\t\t<div class=\"elementor-element elementor-element-0cddc17 elementor-widget elementor-widget-image-gallery\" data-id=\"0cddc17\" data-element_type=\"widget\" data-widget_type=\"image-gallery.default\">\n\t\t\t\t<div class=\"elementor-widget-container\">\n\t\t\t\t\t\t\t<div class=\"elementor-image-gallery\">\n\t\t\t<div id='gallery-1' class='gallery galleryid-1428 gallery-columns-3 gallery-size-1536x1536'><figure class='gallery-item'>\n\t\t\t<div class='gallery-icon portrait'>\n\t\t\t\t<a data-elementor-open-lightbox=\"yes\" data-elementor-lightbox-slideshow=\"0cddc17\" data-elementor-lightbox-title=\"Track-Racer\" data-elementor-lightbox-description=\"Ihre Farbgebung interpretiert das Design von vielen erfolgreichen Rennsportwagen\" data-e-action-hash=\"#elementor-action%3Aaction%3Dlightbox%26settings%3DeyJpZCI6NzkxLCJ1cmwiOiJodHRwczpcL1wvZGV2LnBmLXdhdC5jaFwvd3AtY29udGVudFwvdXBsb2Fkc1wvMjAyM1wvMTBcL1RyYWNrX1JhY2VyLnBuZyIsInNsaWRlc2hvdyI6IjBjZGRjMTcifQ%3D%3D\" href='https:\/\/dev.pf-wat.ch\/wp-content\/uploads\/2023\/10\/Track_Racer.png'><img loading=\"lazy\" decoding=\"async\" width=\"1026\" height=\"1536\" src=\"https:\/\/dev.pf-wat.ch\/wp-content\/uploads\/2023\/10\/Track_Racer-1026x1536.png\" class=\"attachment-1536x1536 size-1536x1536\" alt=\"\" srcset=\"https:\/\/dev.pf-wat.ch\/wp-content\/uploads\/2023\/10\/Track_Racer-1026x1536.png 1026w, https:\/\/dev.pf-wat.ch\/wp-content\/uploads\/2023\/10\/Track_Racer-1368x2048.png 1368w, https:\/\/dev.pf-wat.ch\/wp-content\/uploads\/2023\/10\/Track_Racer-200x299.png 200w, https:\/\/dev.pf-wat.ch\/wp-content\/uploads\/2023\/10\/Track_Racer-600x898.png 600w\" sizes=\"auto, (max-width: 1026px) 100vw, 1026px\" \/><\/a>\n\t\t\t<\/div><\/figure><figure class='gallery-item'>\n\t\t\t<div class='gallery-icon portrait'>\n\t\t\t\t<a data-elementor-open-lightbox=\"yes\" data-elementor-lightbox-slideshow=\"0cddc17\" data-elementor-lightbox-title=\"Speed-Racer\" data-elementor-lightbox-description=\"Tr\u00e4gt f\u00fcr Italien die Farben Verde, Bianco und Rosso Corsa als W\u00fcrdigung an deren Hochleistungssportwagen\" data-e-action-hash=\"#elementor-action%3Aaction%3Dlightbox%26settings%3DeyJpZCI6Nzg5LCJ1cmwiOiJodHRwczpcL1wvZGV2LnBmLXdhdC5jaFwvd3AtY29udGVudFwvdXBsb2Fkc1wvMjAyM1wvMTBcL1NwZWVkX1JhY2VyLnBuZyIsInNsaWRlc2hvdyI6IjBjZGRjMTcifQ%3D%3D\" href='https:\/\/dev.pf-wat.ch\/wp-content\/uploads\/2023\/10\/Speed_Racer.png'><img loading=\"lazy\" decoding=\"async\" width=\"1026\" height=\"1536\" src=\"https:\/\/dev.pf-wat.ch\/wp-content\/uploads\/2023\/10\/Speed_Racer-1026x1536.png\" class=\"attachment-1536x1536 size-1536x1536\" alt=\"\" srcset=\"https:\/\/dev.pf-wat.ch\/wp-content\/uploads\/2023\/10\/Speed_Racer-1026x1536.png 1026w, https:\/\/dev.pf-wat.ch\/wp-content\/uploads\/2023\/10\/Speed_Racer-1368x2048.png 1368w, https:\/\/dev.pf-wat.ch\/wp-content\/uploads\/2023\/10\/Speed_Racer-200x299.png 200w, https:\/\/dev.pf-wat.ch\/wp-content\/uploads\/2023\/10\/Speed_Racer-600x898.png 600w\" sizes=\"auto, (max-width: 1026px) 100vw, 1026px\" \/><\/a>\n\t\t\t<\/div><\/figure><figure class='gallery-item'>\n\t\t\t<div class='gallery-icon portrait'>\n\t\t\t\t<a data-elementor-open-lightbox=\"yes\" data-elementor-lightbox-slideshow=\"0cddc17\" data-elementor-lightbox-title=\"Night-Racer\" data-elementor-lightbox-description=\"Inspiriert von Rallye Rennwagen zeigt die Uhr sportliches Design mit Ihrer Stoppuhr und Alarmfunktion\" data-e-action-hash=\"#elementor-action%3Aaction%3Dlightbox%26settings%3DeyJpZCI6Nzg3LCJ1cmwiOiJodHRwczpcL1wvZGV2LnBmLXdhdC5jaFwvd3AtY29udGVudFwvdXBsb2Fkc1wvMjAyM1wvMTBcL05pZ2h0X1JhY2VyLnBuZyIsInNsaWRlc2hvdyI6IjBjZGRjMTcifQ%3D%3D\" href='https:\/\/dev.pf-wat.ch\/wp-content\/uploads\/2023\/10\/Night_Racer.png'><img loading=\"lazy\" decoding=\"async\" width=\"1026\" height=\"1536\" src=\"https:\/\/dev.pf-wat.ch\/wp-content\/uploads\/2023\/10\/Night_Racer-1026x1536.png\" class=\"attachment-1536x1536 size-1536x1536\" alt=\"\" srcset=\"https:\/\/dev.pf-wat.ch\/wp-content\/uploads\/2023\/10\/Night_Racer-1026x1536.png 1026w, https:\/\/dev.pf-wat.ch\/wp-content\/uploads\/2023\/10\/Night_Racer-1368x2048.png 1368w, https:\/\/dev.pf-wat.ch\/wp-content\/uploads\/2023\/10\/Night_Racer-200x299.png 200w, https:\/\/dev.pf-wat.ch\/wp-content\/uploads\/2023\/10\/Night_Racer-600x898.png 600w\" sizes=\"auto, (max-width: 1026px) 100vw, 1026px\" \/><\/a>\n\t\t\t<\/div><\/figure><figure class='gallery-item'>\n\t\t\t<div class='gallery-icon portrait'>\n\t\t\t\t<a data-elementor-open-lightbox=\"yes\" data-elementor-lightbox-slideshow=\"0cddc17\" data-elementor-lightbox-title=\"Gentlemen-Racer\" data-elementor-lightbox-description=\"In der Original Autofarbe Old English White, kombiniert die Uhr sportliches Design mit schlichter Eleganz\" data-e-action-hash=\"#elementor-action%3Aaction%3Dlightbox%26settings%3DeyJpZCI6Nzg1LCJ1cmwiOiJodHRwczpcL1wvZGV2LnBmLXdhdC5jaFwvd3AtY29udGVudFwvdXBsb2Fkc1wvMjAyM1wvMTBcL0dlbnRsZW1lbl9SYWNlci5wbmciLCJzbGlkZXNob3ciOiIwY2RkYzE3In0%3D\" href='https:\/\/dev.pf-wat.ch\/wp-content\/uploads\/2023\/10\/Gentlemen_Racer.png'><img loading=\"lazy\" decoding=\"async\" width=\"1026\" height=\"1536\" src=\"https:\/\/dev.pf-wat.ch\/wp-content\/uploads\/2023\/10\/Gentlemen_Racer-1026x1536.png\" class=\"attachment-1536x1536 size-1536x1536\" alt=\"\" srcset=\"https:\/\/dev.pf-wat.ch\/wp-content\/uploads\/2023\/10\/Gentlemen_Racer-1026x1536.png 1026w, https:\/\/dev.pf-wat.ch\/wp-content\/uploads\/2023\/10\/Gentlemen_Racer-1368x2048.png 1368w, https:\/\/dev.pf-wat.ch\/wp-content\/uploads\/2023\/10\/Gentlemen_Racer-200x299.png 200w, https:\/\/dev.pf-wat.ch\/wp-content\/uploads\/2023\/10\/Gentlemen_Racer-600x898.png 600w\" sizes=\"auto, (max-width: 1026px) 100vw, 1026px\" \/><\/a>\n\t\t\t<\/div><\/figure><figure class='gallery-item'>\n\t\t\t<div class='gallery-icon portrait'>\n\t\t\t\t<a data-elementor-open-lightbox=\"yes\" data-elementor-lightbox-slideshow=\"0cddc17\" data-elementor-lightbox-title=\"Dakar-Racer\" data-elementor-lightbox-description=\"Das Design spiegelt die Farben der Dakar W\u00fcstenpisten. Robust und funktionsreich f\u00fcr Freizeit und Outdoor Aktivit\u00e4ten\" data-e-action-hash=\"#elementor-action%3Aaction%3Dlightbox%26settings%3DeyJpZCI6NzgzLCJ1cmwiOiJodHRwczpcL1wvZGV2LnBmLXdhdC5jaFwvd3AtY29udGVudFwvdXBsb2Fkc1wvMjAyM1wvMTBcL0Rha2FyX1JhY2VyLnBuZyIsInNsaWRlc2hvdyI6IjBjZGRjMTcifQ%3D%3D\" href='https:\/\/dev.pf-wat.ch\/wp-content\/uploads\/2023\/10\/Dakar_Racer.png'><img loading=\"lazy\" decoding=\"async\" width=\"1026\" height=\"1536\" src=\"https:\/\/dev.pf-wat.ch\/wp-content\/uploads\/2023\/10\/Dakar_Racer-1026x1536.png\" class=\"attachment-1536x1536 size-1536x1536\" alt=\"\" srcset=\"https:\/\/dev.pf-wat.ch\/wp-content\/uploads\/2023\/10\/Dakar_Racer-1026x1536.png 1026w, https:\/\/dev.pf-wat.ch\/wp-content\/uploads\/2023\/10\/Dakar_Racer-1368x2048.png 1368w, https:\/\/dev.pf-wat.ch\/wp-content\/uploads\/2023\/10\/Dakar_Racer-200x299.png 200w, https:\/\/dev.pf-wat.ch\/wp-content\/uploads\/2023\/10\/Dakar_Racer-600x898.png 600w\" sizes=\"auto, (max-width: 1026px) 100vw, 1026px\" \/><\/a>\n\t\t\t<\/div><\/figure>\n\t\t<\/div>\n\t\t<\/div>\n\t\t\t\t\t\t<\/div>\n\t\t\t\t<\/div>\n\t\t\t\t\t<\/div>\n\t\t<\/div>\n\t\t\t\t\t<\/div>\n\t\t<\/section>\n\t\t\t\t<\/div>\n\t\t","protected":false},"excerpt":{"rendered":"<p>Racing-Line Unsere Sportuhr mit RONDA Quarzwerk bietet Datumsanzeige, Stoppuhr und Alarmfunktion. Das\u00a0robuste, 100 m wasserdichte Stahlgeh\u00e4use h\u00e4lt jedem Abenteuer stand, die verstellbare Keramikl\u00fcnette verleiht Eleganz und Funktionalit\u00e4t. Blau nachleuchtende Indexe und Zeiger sorgen f\u00fcr gute Ablesbarkeit bei Nacht. Swiss Made, 2 Jahre Garantie Preis ab 300 CHF<\/p>\n","protected":false},"author":1,"featured_media":0,"parent":0,"menu_order":0,"comment_status":"closed","ping_status":"closed","template":"","meta":{"footnotes":""},"class_list":["post-1428","page","type-page","status-publish","hentry"],"_links":{"self":[{"href":"https:\/\/dev.pf-wat.ch\/index.php?rest_route=\/wp\/v2\/pages\/1428","targetHints":{"allow":["GET"]}}],"collection":[{"href":"https:\/\/dev.pf-wat.ch\/index.php?rest_route=\/wp\/v2\/pages"}],"about":[{"href":"https:\/\/dev.pf-wat.ch\/index.php?rest_route=\/wp\/v2\/types\/page"}],"author":[{"embeddable":true,"href":"https:\/\/dev.pf-wat.ch\/index.php?rest_route=\/wp\/v2\/users\/1"}],"replies":[{"embeddable":true,"href":"https:\/\/dev.pf-wat.ch\/index.php?rest_route=%2Fwp%2Fv2%2Fcomments&post=1428"}],"version-history":[{"count":37,"href":"https:\/\/dev.pf-wat.ch\/index.php?rest_route=\/wp\/v2\/pages\/1428\/revisions"}],"predecessor-version":[{"id":1794,"href":"https:\/\/dev.pf-wat.ch\/index.php?rest_route=\/wp\/v2\/pages\/1428\/revisions\/1794"}],"wp:attachment":[{"href":"https:\/\/dev.pf-wat.ch\/index.php?rest_route=%2Fwp%2Fv2%2Fmedia&parent=1428"}],"curies":[{"name":"wp","href":"https:\/\/api.w.org\/{rel}","templated":true}]}}