{"id":1414,"date":"2025-02-17T14:57:19","date_gmt":"2025-02-17T13:57:19","guid":{"rendered":"https:\/\/dev.pf-wat.ch\/?page_id=1414"},"modified":"2025-02-28T10:15:22","modified_gmt":"2025-02-28T09:15:22","slug":"schnitz-boxen-2","status":"publish","type":"page","link":"https:\/\/dev.pf-wat.ch\/?page_id=1414","title":{"rendered":"Pick Nick und Messerbox"},"content":{"rendered":"\t\t<div data-elementor-type=\"wp-post\" data-elementor-id=\"1414\" class=\"elementor elementor-1414\">\n\t\t\t\t\t\t<section class=\"elementor-section elementor-top-section elementor-element elementor-element-10fd77b elementor-section-boxed elementor-section-height-default elementor-section-height-default\" data-id=\"10fd77b\" data-element_type=\"section\">\n\t\t\t\t\t\t<div class=\"elementor-container elementor-column-gap-default\">\n\t\t\t\t\t<div class=\"aux-parallax-section elementor-column elementor-col-16 elementor-top-column elementor-element elementor-element-dbd4e8c\" data-id=\"dbd4e8c\" data-element_type=\"column\">\n\t\t\t<div class=\"elementor-widget-wrap\">\n\t\t\t\t\t\t\t<\/div>\n\t\t<\/div>\n\t\t\t\t<div class=\"aux-parallax-section elementor-column elementor-col-66 elementor-top-column elementor-element elementor-element-e0f3240\" data-id=\"e0f3240\" data-element_type=\"column\">\n\t\t\t<div class=\"elementor-widget-wrap elementor-element-populated\">\n\t\t\t\t\t\t<div class=\"elementor-element elementor-element-0319d25 elementor-widget elementor-widget-text-editor\" data-id=\"0319d25\" data-element_type=\"widget\" data-widget_type=\"text-editor.default\">\n\t\t\t\t<div class=\"elementor-widget-container\">\n\t\t\t\t\t\t\t\t\t<h1><strong>One-Man Pick-Nick Box und Messerbox<\/strong><\/h1>\t\t\t\t\t\t\t\t<\/div>\n\t\t\t\t<\/div>\n\t\t\t\t\t<\/div>\n\t\t<\/div>\n\t\t\t\t<div class=\"aux-parallax-section elementor-column elementor-col-16 elementor-top-column elementor-element elementor-element-936e16a\" data-id=\"936e16a\" data-element_type=\"column\">\n\t\t\t<div class=\"elementor-widget-wrap\">\n\t\t\t\t\t\t\t<\/div>\n\t\t<\/div>\n\t\t\t\t\t<\/div>\n\t\t<\/section>\n\t\t\t\t<section class=\"elementor-section elementor-top-section elementor-element elementor-element-2ae1a00 elementor-section-boxed elementor-section-height-default elementor-section-height-default\" data-id=\"2ae1a00\" data-element_type=\"section\">\n\t\t\t\t\t\t<div class=\"elementor-container elementor-column-gap-default\">\n\t\t\t\t\t<div class=\"aux-parallax-section elementor-column elementor-col-33 elementor-top-column elementor-element elementor-element-94de01e\" data-id=\"94de01e\" data-element_type=\"column\">\n\t\t\t<div class=\"elementor-widget-wrap elementor-element-populated\">\n\t\t\t\t\t\t<div class=\"elementor-element elementor-element-2776f69 elementor-widget elementor-widget-text-editor\" data-id=\"2776f69\" data-element_type=\"widget\" data-widget_type=\"text-editor.default\">\n\t\t\t\t<div class=\"elementor-widget-container\">\n\t\t\t\t\t\t\t\t\t<p>Die Vintage Auto Boxen finden auch Verwendung als One-Man-Pick-Nick Box oder als Messerbox.<\/p><p>Die One-Man-Pick-Nick Box ist mit hochwertigem Pick-Nick Besteck der Marke AKINOD best\u00fcckt, das Besteck ist Anthrazit matt beschichtet und gefertigt mit Holzschalen.<br \/><br \/><\/p><p>Die Boxen sind stilvolle und originelle Aufbewahrungsort f\u00fcr die praktischen Utensilien, sch\u00fctzt und ist gleichzeitig sehr dekorativ. Und ein perfektes Geschenk f\u00fcr jeden Anlass.<\/p><p>Die Boxen k\u00f6nnen frei gew\u00e4hlt werden nach der Verf\u00fcgbarkeit der Automarken und der Farbvarianten. Boxen mit Original Auto Logo mit Aufpreis.<\/p><p><span style=\"text-decoration: underline;\">Entnehmen Sie bitte die Verf\u00fcgbarkeit der Liste im Shop.<\/span><\/p>\t\t\t\t\t\t\t\t<\/div>\n\t\t\t\t<\/div>\n\t\t\t\t\t<\/div>\n\t\t<\/div>\n\t\t\t\t<div class=\"aux-parallax-section elementor-column elementor-col-66 elementor-top-column elementor-element elementor-element-9ad9839\" data-id=\"9ad9839\" data-element_type=\"column\">\n\t\t\t<div class=\"elementor-widget-wrap elementor-element-populated\">\n\t\t\t\t\t\t<div class=\"elementor-element elementor-element-6c78914 elementor-widget elementor-widget-image-gallery\" data-id=\"6c78914\" data-element_type=\"widget\" data-widget_type=\"image-gallery.default\">\n\t\t\t\t<div class=\"elementor-widget-container\">\n\t\t\t\t\t\t\t<div class=\"elementor-image-gallery\">\n\t\t\t<div id='gallery-1' class='gallery galleryid-1414 gallery-columns-1 gallery-size-1536x1536'><figure class='gallery-item'>\n\t\t\t<div class='gallery-icon landscape'>\n\t\t\t\t<a data-elementor-open-lightbox=\"yes\" data-elementor-lightbox-slideshow=\"6c78914\" data-elementor-lightbox-title=\"Jeep Grand Cherokee\" data-elementor-lightbox-description=\"Jahrgang: 1993 | Werklackierung: Forest Green Metallic\" data-e-action-hash=\"#elementor-action%3Aaction%3Dlightbox%26settings%3DeyJpZCI6MTEyNSwidXJsIjoiaHR0cHM6XC9cL2Rldi5wZi13YXQuY2hcL3dwLWNvbnRlbnRcL3VwbG9hZHNcLzIwMjNcLzExXC8yMDIzMTEwM18xNjEyMDUtc2NhbGVkLmpwZyIsInNsaWRlc2hvdyI6IjZjNzg5MTQifQ%3D%3D\" href='https:\/\/dev.pf-wat.ch\/wp-content\/uploads\/2023\/11\/20231103_161205-scaled.jpg'><img loading=\"lazy\" decoding=\"async\" width=\"1536\" height=\"931\" src=\"https:\/\/dev.pf-wat.ch\/wp-content\/uploads\/2023\/11\/20231103_161205-1536x931.jpg\" class=\"attachment-1536x1536 size-1536x1536\" alt=\"\" srcset=\"https:\/\/dev.pf-wat.ch\/wp-content\/uploads\/2023\/11\/20231103_161205-1536x931.jpg 1536w, https:\/\/dev.pf-wat.ch\/wp-content\/uploads\/2023\/11\/20231103_161205-2048x1242.jpg 2048w, https:\/\/dev.pf-wat.ch\/wp-content\/uploads\/2023\/11\/20231103_161205-200x121.jpg 200w, https:\/\/dev.pf-wat.ch\/wp-content\/uploads\/2023\/11\/20231103_161205-600x364.jpg 600w\" sizes=\"auto, (max-width: 1536px) 100vw, 1536px\" \/><\/a>\n\t\t\t<\/div><\/figure>\n\t\t<\/div>\n\t\t<\/div>\n\t\t\t\t\t\t<\/div>\n\t\t\t\t<\/div>\n\t\t\t\t\t<\/div>\n\t\t<\/div>\n\t\t\t\t\t<\/div>\n\t\t<\/section>\n\t\t\t\t<section class=\"elementor-section elementor-top-section elementor-element elementor-element-b315982 elementor-section-boxed elementor-section-height-default elementor-section-height-default\" data-id=\"b315982\" data-element_type=\"section\">\n\t\t\t\t\t\t<div class=\"elementor-container elementor-column-gap-default\">\n\t\t\t\t\t<div class=\"aux-parallax-section elementor-column elementor-col-66 elementor-top-column elementor-element elementor-element-b62c71d\" data-id=\"b62c71d\" data-element_type=\"column\">\n\t\t\t<div class=\"elementor-widget-wrap elementor-element-populated\">\n\t\t\t\t\t\t<div class=\"elementor-element elementor-element-ff5661a elementor-widget elementor-widget-image\" data-id=\"ff5661a\" data-element_type=\"widget\" data-widget_type=\"image.default\">\n\t\t\t\t<div class=\"elementor-widget-container\">\n\t\t\t\t\t\t\t\t\t\t\t\t\t\t\t<img loading=\"lazy\" decoding=\"async\" width=\"1536\" height=\"1007\" src=\"https:\/\/dev.pf-wat.ch\/wp-content\/uploads\/2023\/11\/PB010652-1-1536x1007.jpg\" class=\"attachment-1536x1536 size-1536x1536 wp-image-1013\" alt=\"\" srcset=\"https:\/\/dev.pf-wat.ch\/wp-content\/uploads\/2023\/11\/PB010652-1-1536x1007.jpg 1536w, https:\/\/dev.pf-wat.ch\/wp-content\/uploads\/2023\/11\/PB010652-1-2048x1343.jpg 2048w, https:\/\/dev.pf-wat.ch\/wp-content\/uploads\/2023\/11\/PB010652-1-200x131.jpg 200w, https:\/\/dev.pf-wat.ch\/wp-content\/uploads\/2023\/11\/PB010652-1-600x394.jpg 600w\" sizes=\"auto, (max-width: 1536px) 100vw, 1536px\" \/>\t\t\t\t\t\t\t\t\t\t\t\t\t\t\t<\/div>\n\t\t\t\t<\/div>\n\t\t\t\t\t<\/div>\n\t\t<\/div>\n\t\t\t\t<div class=\"aux-parallax-section elementor-column elementor-col-33 elementor-top-column elementor-element elementor-element-3580ee5\" data-id=\"3580ee5\" data-element_type=\"column\">\n\t\t\t<div class=\"elementor-widget-wrap elementor-element-populated\">\n\t\t\t\t\t\t<div class=\"elementor-element elementor-element-3bbaca2 elementor-widget elementor-widget-text-editor\" data-id=\"3bbaca2\" data-element_type=\"widget\" data-widget_type=\"text-editor.default\">\n\t\t\t\t<div class=\"elementor-widget-container\">\n\t\t\t\t\t\t\t\t\t<p>Die Messerbox enth\u00e4lt das VICTORINOX Messer Trial Master mit schwarzen Schalen.<\/p><p>VICTORINOX Messer stehen f\u00fcr hohe Qualit\u00e4t und Funktionalit\u00e4t und m\u00fcssen nicht besonders vorgestellt werden.<\/p>\t\t\t\t\t\t\t\t<\/div>\n\t\t\t\t<\/div>\n\t\t\t\t\t<\/div>\n\t\t<\/div>\n\t\t\t\t\t<\/div>\n\t\t<\/section>\n\t\t\t\t<\/div>\n\t\t","protected":false},"excerpt":{"rendered":"<p>One-Man Pick-Nick Box und Messerbox Die Vintage Auto Boxen finden auch Verwendung als One-Man-Pick-Nick Box oder als Messerbox. Die One-Man-Pick-Nick Box ist mit hochwertigem Pick-Nick Besteck der Marke AKINOD best\u00fcckt, das Besteck ist Anthrazit matt beschichtet und gefertigt mit Holzschalen. Die Boxen sind stilvolle und originelle Aufbewahrungsort f\u00fcr die praktischen Utensilien, sch\u00fctzt und ist gleichzeitig [&hellip;]<\/p>\n","protected":false},"author":1,"featured_media":0,"parent":0,"menu_order":0,"comment_status":"closed","ping_status":"closed","template":"templates\/page-builder-content.php","meta":{"footnotes":""},"class_list":["post-1414","page","type-page","status-publish","hentry"],"_links":{"self":[{"href":"https:\/\/dev.pf-wat.ch\/index.php?rest_route=\/wp\/v2\/pages\/1414","targetHints":{"allow":["GET"]}}],"collection":[{"href":"https:\/\/dev.pf-wat.ch\/index.php?rest_route=\/wp\/v2\/pages"}],"about":[{"href":"https:\/\/dev.pf-wat.ch\/index.php?rest_route=\/wp\/v2\/types\/page"}],"author":[{"embeddable":true,"href":"https:\/\/dev.pf-wat.ch\/index.php?rest_route=\/wp\/v2\/users\/1"}],"replies":[{"embeddable":true,"href":"https:\/\/dev.pf-wat.ch\/index.php?rest_route=%2Fwp%2Fv2%2Fcomments&post=1414"}],"version-history":[{"count":20,"href":"https:\/\/dev.pf-wat.ch\/index.php?rest_route=\/wp\/v2\/pages\/1414\/revisions"}],"predecessor-version":[{"id":1788,"href":"https:\/\/dev.pf-wat.ch\/index.php?rest_route=\/wp\/v2\/pages\/1414\/revisions\/1788"}],"wp:attachment":[{"href":"https:\/\/dev.pf-wat.ch\/index.php?rest_route=%2Fwp%2Fv2%2Fmedia&parent=1414"}],"curies":[{"name":"wp","href":"https:\/\/api.w.org\/{rel}","templated":true}]}}